{"id":44,"date":"2021-01-04T23:20:04","date_gmt":"2021-01-04T22:20:04","guid":{"rendered":"http:\/\/www.oliver-ilan-schulz.de\/?page_id=44"},"modified":"2021-01-06T18:58:18","modified_gmt":"2021-01-06T17:58:18","slug":"liebe-leserinnen-und-leser-willkommen-auf-meiner-website","status":"publish","type":"page","link":"https:\/\/www.oliver-ilan-schulz.de\/","title":{"rendered":"Home"},"content":{"rendered":"\n<div class=\"wp-block-columns is-layout-flex wp-container-core-columns-is-layout-9d6595d7 wp-block-columns-is-layout-flex\">\n<div class=\"wp-block-column is-layout-flow wp-block-column-is-layout-flow\">\n<h2 class=\"wp-block-heading\">Liebe Leserinnen und Leser,<br>willkommen auf meiner Website!<\/h2>\n\n\n\n<p>Hier k\u00f6nnen Sie sich umfassend \u00fcber meine T\u00e4tigkeiten als freier Autor, \u00dcbersetzer und Lektor informieren \u2013 der rote Faden ist die Begeisterung f\u00fcr Sprache und Text. Ich freue mich \u00fcber Ihre Anfragen.<\/p>\n\n\n\n<p>In den Rubriken finden Sie Referenzen sowie zahlreiche Beispiele meiner Arbeit. Viel Spa\u00df beim Lesen w\u00fcnscht<\/p>\n<\/div>\n\n\n\n<div class=\"wp-block-column is-layout-flow wp-block-column-is-layout-flow\">\n<h2 class=\"wp-block-heading\">Chers lecteurs, <br>bienvenue sur mon site web!<\/h2>\n\n\n\n<p>Vous trouverez ici des informations sur mes activit\u00e9s d\u2019auteur, de traducteur du fran\u00e7ais vers l\u2019allemand et de lecteur. Leur fil d\u2019Ariane: ma passion linguistique. N\u2019h\u00e9sitez pas \u00e0 me contacter, je r\u00e9pondrai volontiers \u00e0 vos questions.<\/p>\n\n\n\n<p>Les diff\u00e9rentes rubriques contiennent des r\u00e9f\u00e9rences et de nombreux extraits de mon travail. Bonne lecture,<\/p>\n\n\n\n<p><\/p>\n<\/div>\n<\/div>\n\n\n\n<p class=\"has-text-align-left\"><em>Oliver Ilan Schulz \/ olian<\/em><\/p>\n\n\n\n<p>mail to:<a href=\"mailto:olian@oliver-ilan-schulz.de\">&nbsp;olian@oliver-ilan-schulz.de<\/a><br>Tel.: ++49-(0)179 103 63 09<\/p>\n","protected":false},"excerpt":{"rendered":"<p>Liebe Leserinnen und Leser,willkommen auf meiner Website! Hier k\u00f6nnen Sie sich umfassend \u00fcber meine T\u00e4tigkeiten als freier Autor, \u00dcbersetzer und Lektor informieren \u2013 der rote Faden ist die Begeisterung f\u00fcr Sprache und Text. Ich freue mich \u00fcber Ihre Anfragen. In den Rubriken finden Sie Referenzen sowie zahlreiche Beispiele meiner Arbeit. Viel Spa\u00df beim Lesen w\u00fcnscht [&hellip;]<\/p>\n","protected":false},"author":1,"featured_media":0,"parent":0,"menu_order":0,"comment_status":"closed","ping_status":"closed","template":"template-full-width.php","meta":{"footnotes":""},"class_list":{"0":"post-44","1":"page","2":"type-page","3":"status-publish","4":"hentry","5":"","6":"blog-left-layout","7":"blog-style-postblock","9":"blog-alt-odd"},"_links":{"self":[{"href":"https:\/\/www.oliver-ilan-schulz.de\/index.php?rest_route=\/wp\/v2\/pages\/44","targetHints":{"allow":["GET"]}}],"collection":[{"href":"https:\/\/www.oliver-ilan-schulz.de\/index.php?rest_route=\/wp\/v2\/pages"}],"about":[{"href":"https:\/\/www.oliver-ilan-schulz.de\/index.php?rest_route=\/wp\/v2\/types\/page"}],"author":[{"embeddable":true,"href":"https:\/\/www.oliver-ilan-schulz.de\/index.php?rest_route=\/wp\/v2\/users\/1"}],"replies":[{"embeddable":true,"href":"https:\/\/www.oliver-ilan-schulz.de\/index.php?rest_route=%2Fwp%2Fv2%2Fcomments&post=44"}],"version-history":[{"count":14,"href":"https:\/\/www.oliver-ilan-schulz.de\/index.php?rest_route=\/wp\/v2\/pages\/44\/revisions"}],"predecessor-version":[{"id":370,"href":"https:\/\/www.oliver-ilan-schulz.de\/index.php?rest_route=\/wp\/v2\/pages\/44\/revisions\/370"}],"wp:attachment":[{"href":"https:\/\/www.oliver-ilan-schulz.de\/index.php?rest_route=%2Fwp%2Fv2%2Fmedia&parent=44"}],"curies":[{"name":"wp","href":"https:\/\/api.w.org\/{rel}","templated":true}]}}