{"id":349,"date":"2021-01-06T18:24:56","date_gmt":"2021-01-06T17:24:56","guid":{"rendered":"http:\/\/www.oliver-ilan-schulz.de\/?page_id=349"},"modified":"2021-01-06T18:24:56","modified_gmt":"2021-01-06T17:24:56","slug":"impressum-und-datenschutz","status":"publish","type":"page","link":"https:\/\/www.oliver-ilan-schulz.de\/?page_id=349","title":{"rendered":"Impressum und Datenschutz"},"content":{"rendered":"\n<h2 class=\"wp-block-heading\">Impressum<\/h2>\n\n\n\n<p>Betreiber:<br>Oliver Ilan Schulz<br>Lindenschmitstr. 30<br>81371 M\u00fcnchen<\/p>\n\n\n\n<p>Email: olian@oliver-ilan-schulz.de<br>Mobil: 0179 \u2013 103 63 09<\/p>\n\n\n\n<p>Inhaltlich Verantwortlicher gem\u00e4\u00df \u00a7 55 Abs. 2 RStV:<br>Oliver Ilan Schulz (Anschrift wie oben)<\/p>\n\n\n\n<p>This website was made with WordPress. Website-Bau von <a href=\"http:\/\/www.tigerworx.de\">tigerworx.de<\/a> \u2013 danke! Design Logo von <a href=\"http:\/\/www.example.org\">exsample.org<\/a><\/p>\n\n\n\n<p>\u00a9 Oliver Ilan Schulz<\/p>\n\n\n\n<div style=\"height:40px\" aria-hidden=\"true\" class=\"wp-block-spacer\"><\/div>\n\n\n\n<h2 class=\"wp-block-heading\">Datenschutzerkl\u00e4rung<\/h2>\n\n\n\n<h3 class=\"wp-block-heading\">1. Datenschutz auf einen Blick<\/h3>\n\n\n\n<p><strong>Allgemeine Hinweise<\/strong><br>Die folgenden Hinweise geben einen einfachen \u00dcberblick dar\u00fcber, was mit Ihren personenbezogenen Daten passiert, wenn Sie meine Website besuchen. Personenbezogene Daten sind alle Daten, mit denen Sie pers\u00f6nlich identifiziert werden k\u00f6nnen. Ausf\u00fchrliche Informationen zum Thema Datenschutz entnehmen Sie meiner unter diesem Text aufgef\u00fchrten Datenschutzerkl\u00e4rung.<\/p>\n\n\n\n<p><strong>Datenerfassung auf meiner Website<\/strong><br>Wer ist verantwortlich f\u00fcr die Datenerfassung auf dieser Website? Die Datenverarbeitung auf dieser Website erfolgt durch den Websitebetreiber. Dessen Kontaktdaten k\u00f6nnen Sie dem Impressum dieser Website entnehmen.<\/p>\n\n\n\n<p><strong>Wie erfassen wir Ihre Daten?<\/strong><br>Daten werden automatisch beim Besuch der Website erfasst. Das sind vor allem technische Daten (z.B. Internetbrowser, Betriebssystem oder Uhrzeit des Seitenaufrufs). Die Erfassung dieser Daten erfolgt automatisch, sobald Sie meine Website betreten.<\/p>\n\n\n\n<p><strong>Wof\u00fcr nutze ich Ihre Daten?<\/strong><br>Ein Teil der Daten wird erhoben, um eine fehlerfreie Bereitstellung der Website zu gew\u00e4hrleisten.<\/p>\n\n\n\n<p><strong>Welche Rechte haben Sie bez\u00fcglich Ihrer Daten?<\/strong><br>Sie haben jederzeit das Recht unentgeltlich Auskunft \u00fcber Herkunft, Empf\u00e4nger und Zweck Ihrer gespeicherten personenbezogenen Daten zu erhalten. Sie haben au\u00dferdem ein Recht, die Berichtigung, Sperrung oder L\u00f6schung dieser Daten zu verlangen. Hierzu sowie zu weiteren Fragen zum Thema Datenschutz k\u00f6nnen Sie sich jederzeit unter der im Impressum angegebenen Adresse an mich wenden. Des Weiteren steht Ihnen ein Beschwerderecht bei der zust\u00e4ndigen Aufsichtsbeh\u00f6rde zu.<\/p>\n\n\n\n<h3 class=\"wp-block-heading\">2. Allgemeine Hinweise und Pflichtinformationen<\/h3>\n\n\n\n<h4 class=\"wp-block-heading\">Datenschutz<\/h4>\n\n\n\n<p>Der Betreiber dieser Seiten nimmt den Schutz Ihrer pers\u00f6nlichen Daten sehr ernst. Ich behandele Ihre personenbezogenen Daten vertraulich und entsprechend der gesetzlichen Datenschutzvorschriften sowie dieser Datenschutzerkl\u00e4rung.<\/p>\n\n\n\n<p>Wenn Sie diese Website benutzen, werden verschiedene personenbezogene Daten erhoben. Personenbezogene Daten sind Daten, mit denen Sie pers\u00f6nlich identifiziert werden k\u00f6nnen. Die vorliegende Datenschutzerkl\u00e4rung erl\u00e4utert, welche Daten wir erheben und wof\u00fcr wir sie nutzen. Sie erl\u00e4utert auch, wie und zu welchem Zweck das geschieht.<\/p>\n\n\n\n<p>Ich weise darauf hin, dass die Daten\u00fcbertragung im Internet (z.B. bei der Kommunikation per E-Mail) Sicherheitsl\u00fccken aufweisen kann. Ein l\u00fcckenloser Schutz der Daten vor dem Zugriff durch Dritte ist nicht m\u00f6glich.<\/p>\n\n\n\n<p><strong>Hinweis zur verantwortlichen Stelle<\/strong><\/p>\n\n\n\n<p>Die verantwortliche Stelle f\u00fcr die Datenverarbeitung auf dieser Website ist:<br>Oliver Ilan Schulz<br>Lindenschmitstr. 30<br>81371 M\u00fcnchen<br>Email: olian@oliver-ilan-schulz.de<br>Mobil: 0179 \u2013 103 63 09<\/p>\n\n\n\n<p>Verantwortliche Stelle ist die nat\u00fcrliche oder juristische Person, die allein oder gemeinsam mit anderen \u00fcber die Zwecke und Mittel der Verarbeitung von personenbezogenen Daten (z.B. Namen, E-Mail-Adressen o. \u00c4.) entscheidet.<\/p>\n\n\n\n<h4 class=\"wp-block-heading\">Widerruf Ihrer Einwilligung zur Datenverarbeitung<\/h4>\n\n\n\n<p>Viele Datenverarbeitungsvorg\u00e4nge sind nur mit Ihrer ausdr\u00fccklichen Einwilligung m\u00f6glich. Sie k\u00f6nnen eine bereits erteilte Einwilligung jederzeit widerrufen. Dazu reicht eine formlose Mitteilung per E-Mail an mich. Die Rechtm\u00e4\u00dfigkeit der bis zum Widerruf erfolgten Datenverarbeitung bleibt vom Widerruf unber\u00fchrt.<\/p>\n\n\n\n<h4 class=\"wp-block-heading\">Beschwerderecht bei der zust\u00e4ndigen Aufsichtsbeh\u00f6rde<\/h4>\n\n\n\n<p>Im Falle datenschutzrechtlicher Verst\u00f6\u00dfe steht dem Betroffenen ein Beschwerderecht bei der zust\u00e4ndigen Aufsichtsbeh\u00f6rde zu. Zust\u00e4ndige Aufsichtsbeh\u00f6rde in datenschutzrechtlichen Fragen ist der Landesdatenschutzbeauftragte des Bundeslandes, in dem unser Unternehmen seinen Sitz hat. Eine Liste der Datenschutzbeauftragten sowie deren Kontaktdaten k\u00f6nnen folgendem Link entnommen werden: https:\/\/www.bfdi.bund.de\/DE\/Infothek\/Anschriften_Links\/anschriften_links-node.html.<\/p>\n\n\n\n<h4 class=\"wp-block-heading\">Recht auf Daten\u00fcbertragbarkeit<\/h4>\n\n\n\n<p>Sie haben das Recht, Daten, die ich auf Grundlage Ihrer Einwilligung oder in Erf\u00fcllung eines Vertrags automatisiert verarbeite, an sich oder an einen Dritten in einem g\u00e4ngigen, maschinenlesbaren Format aush\u00e4ndigen zu lassen. Sofern Sie die direkte \u00dcbertragung der Daten an einen anderen Verantwortlichen verlangen, erfolgt dies nur, soweit es technisch machbar ist.<\/p>\n\n\n\n<h4 class=\"wp-block-heading\">SSL- bzw. TLS-Verschl\u00fcsselung<\/h4>\n\n\n\n<p>Diese Seite nutzt aus Sicherheitsgr\u00fcnden und zum Schutz der \u00dcbertragung vertraulicher Inhalte, wie zum Beispiel Bestellungen oder Anfragen, die Sie an uns als Seitenbetreiber senden, eine SSL-bzw. TLS-Verschl\u00fcsselung. Eine verschl\u00fcsselte Verbindung erkennen Sie daran, dass die Adresszeile des Browsers von \u201chttp:\/\/\u201d auf \u201chttps:\/\/\u201d wechselt und an dem Schloss-Symbol in Ihrer Browserzeile.<\/p>\n\n\n\n<p>Wenn die SSL- bzw. TLS-Verschl\u00fcsselung aktiviert ist, k\u00f6nnen die Daten, die Sie an uns \u00fcbermitteln, nicht von Dritten mitgelesen werden.<\/p>\n\n\n\n<h4 class=\"wp-block-heading\">Auskunft, Sperrung, L\u00f6schung<\/h4>\n\n\n\n<p>Sie haben im Rahmen der geltenden gesetzlichen Bestimmungen jederzeit das Recht auf unentgeltliche Auskunft \u00fcber Ihre gespeicherten personenbezogenen Daten, deren Herkunft und Empf\u00e4nger und den Zweck der Datenverarbeitung und ggf. ein Recht auf Berichtigung, Sperrung oder L\u00f6schung dieser Daten. Hierzu sowie zu weiteren Fragen zum Thema personenbezogene Daten k\u00f6nnen Sie sich jederzeit unter der im Impressum angegebenen Adresse an mich wenden.<\/p>\n\n\n\n<h4 class=\"wp-block-heading\">Widerspruch gegen Werbe-Mails<\/h4>\n\n\n\n<p>Der Nutzung von im Rahmen der Impressumspflicht ver\u00f6ffentlichten Kontaktdaten zur \u00dcbersendung von nicht ausdr\u00fccklich angeforderter Werbung und Informationsmaterialien wird hiermit widersprochen. Der Betreiber der Seiten beh\u00e4lt sich ausdr\u00fccklich rechtliche Schritte im Falle der unverlangten Zusendung von Werbeinformationen, etwa durch Spam-E-Mails, vor.<\/p>\n\n\n\n<h3 class=\"wp-block-heading\">3. Datenerfassung auf meiner Website<\/h3>\n\n\n\n<h4 class=\"wp-block-heading\">Cookies<\/h4>\n\n\n\n<p>Diese Internetseite verwendet keine Cookies.<\/p>\n\n\n\n<h4 class=\"wp-block-heading\">Server-Log-Dateien<\/h4>\n\n\n\n<p>Der Provider der Seiten erhebt und speichert automatisch Informationen in so genannten Server-Log-Dateien, die Ihr Browser automatisch an mich \u00fcbermittelt. Dies sind:<\/p>\n\n\n\n<ul class=\"wp-block-list\"><li>Referrer (zuvor besuchte Webseite)<\/li><li>Angeforderte Webseite oder Datei<\/li><li>Browsertyp und Browserversion<\/li><li>Verwendetes Betriebssystem<\/li><li>Verwendeter Ger\u00e4tetyp<\/li><li>Uhrzeit des Zugriffs<\/li><\/ul>\n\n\n\n<p>IP-Adresse in anonymisierter Form (wird nur zur Feststellung des Orts des Zugriffs verwendet)<\/p>\n\n\n\n<p>Eine Zusammenf\u00fchrung dieser Daten mit anderen Datenquellen wird nicht vorgenommen.<\/p>\n\n\n\n<p>Grundlage f\u00fcr die Datenverarbeitung ist Art. 6 Abs. 1 lit. f DSGVO, der die Verarbeitung von Daten zur Erf\u00fcllung eines Vertrags oder vorvertraglicher Ma\u00dfnahmen gestattet.<\/p>\n","protected":false},"excerpt":{"rendered":"<p>Impressum Betreiber:Oliver Ilan SchulzLindenschmitstr. 3081371 M\u00fcnchen Email: olian@oliver-ilan-schulz.deMobil: 0179 \u2013 103 63 09 Inhaltlich Verantwortlicher gem\u00e4\u00df \u00a7 55 Abs. 2 RStV:Oliver Ilan Schulz (Anschrift wie oben) This website was made with WordPress. Website-Bau von tigerworx.de \u2013 danke! Design Logo von exsample.org \u00a9 Oliver Ilan Schulz Datenschutzerkl\u00e4rung 1. Datenschutz auf einen Blick Allgemeine HinweiseDie folgenden Hinweise [&hellip;]<\/p>\n","protected":false},"author":1,"featured_media":0,"parent":0,"menu_order":0,"comment_status":"closed","ping_status":"closed","template":"template-full-width.php","meta":{"footnotes":""},"class_list":{"0":"post-349","1":"page","2":"type-page","3":"status-publish","4":"hentry","5":"","6":"blog-left-layout","7":"blog-style-postblock","9":"blog-alt-odd"},"_links":{"self":[{"href":"https:\/\/www.oliver-ilan-schulz.de\/index.php?rest_route=\/wp\/v2\/pages\/349","targetHints":{"allow":["GET"]}}],"collection":[{"href":"https:\/\/www.oliver-ilan-schulz.de\/index.php?rest_route=\/wp\/v2\/pages"}],"about":[{"href":"https:\/\/www.oliver-ilan-schulz.de\/index.php?rest_route=\/wp\/v2\/types\/page"}],"author":[{"embeddable":true,"href":"https:\/\/www.oliver-ilan-schulz.de\/index.php?rest_route=\/wp\/v2\/users\/1"}],"replies":[{"embeddable":true,"href":"https:\/\/www.oliver-ilan-schulz.de\/index.php?rest_route=%2Fwp%2Fv2%2Fcomments&post=349"}],"version-history":[{"count":1,"href":"https:\/\/www.oliver-ilan-schulz.de\/index.php?rest_route=\/wp\/v2\/pages\/349\/revisions"}],"predecessor-version":[{"id":350,"href":"https:\/\/www.oliver-ilan-schulz.de\/index.php?rest_route=\/wp\/v2\/pages\/349\/revisions\/350"}],"wp:attachment":[{"href":"https:\/\/www.oliver-ilan-schulz.de\/index.php?rest_route=%2Fwp%2Fv2%2Fmedia&parent=349"}],"curies":[{"name":"wp","href":"https:\/\/api.w.org\/{rel}","templated":true}]}}